{"id":22867,"date":"2023-12-17T13:41:22","date_gmt":"2023-12-17T12:41:22","guid":{"rendered":"https:\/\/rib-actie.nl\/powerkiting\/"},"modified":"2025-03-04T21:29:54","modified_gmt":"2025-03-04T20:29:54","slug":"powerkiting","status":"publish","type":"page","link":"https:\/\/www.rib-actie.nl\/de\/kombinieren-sie-pakete-mit-rippenkreuzfahrten\/powerkiting\/","title":{"rendered":"Powerkiting"},"content":{"rendered":"\n<div class=\"wp-block-cover alignfull is-style-blur-image is-style-default\" style=\"margin-top:0;margin-bottom:0;padding-top:0;padding-right:0;padding-bottom:0;padding-left:0\"><span aria-hidden=\"true\" class=\"wp-block-cover__background has-main-background-color has-background-dim-70 has-background-dim\"><\/span><img loading=\"lazy\" decoding=\"async\" width=\"2048\" height=\"925\" class=\"wp-block-cover__image-background wp-image-1208\" alt=\"Powerkiten als arrangement samen met rib-powerboat varen vanuit de haven van scheveningen\" src=\"https:\/\/rib-actie.nl\/wp-content\/uploads\/2024\/02\/44-Powerkiten-als-arrangement-samen-met-rib-powerboat-varen-vanuit-de-haven-van-scheveningen.jpg\" data-object-fit=\"cover\" srcset=\"https:\/\/www.rib-actie.nl\/wp-content\/uploads\/2024\/02\/44-Powerkiten-als-arrangement-samen-met-rib-powerboat-varen-vanuit-de-haven-van-scheveningen.jpg 2048w, https:\/\/www.rib-actie.nl\/wp-content\/uploads\/2024\/02\/44-Powerkiten-als-arrangement-samen-met-rib-powerboat-varen-vanuit-de-haven-van-scheveningen-300x135.jpg 300w, https:\/\/www.rib-actie.nl\/wp-content\/uploads\/2024\/02\/44-Powerkiten-als-arrangement-samen-met-rib-powerboat-varen-vanuit-de-haven-van-scheveningen-1024x463.jpg 1024w, https:\/\/www.rib-actie.nl\/wp-content\/uploads\/2024\/02\/44-Powerkiten-als-arrangement-samen-met-rib-powerboat-varen-vanuit-de-haven-van-scheveningen-768x347.jpg 768w, https:\/\/www.rib-actie.nl\/wp-content\/uploads\/2024\/02\/44-Powerkiten-als-arrangement-samen-met-rib-powerboat-varen-vanuit-de-haven-van-scheveningen-1536x694.jpg 1536w\" sizes=\"auto, (max-width: 2048px) 100vw, 2048px\" \/><div class=\"wp-block-cover__inner-container is-layout-flow wp-block-cover-is-layout-flow\">\n<div class=\"wp-block-group alignfull has-base-color has-text-color has-global-padding is-layout-constrained wp-container-core-group-is-layout-ec3da4be wp-block-group-is-layout-constrained\" style=\"margin-top:0px;margin-bottom:0px;padding-top:var(--wp--preset--spacing--medium);padding-right:var(--wp--preset--spacing--medium);padding-bottom:var(--wp--preset--spacing--medium);padding-left:var(--wp--preset--spacing--medium)\">\n<div class=\"wp-block-group is-layout-flow wp-block-group-is-layout-flow\">\n<div class=\"wp-block-group has-global-padding is-layout-constrained wp-container-core-group-is-layout-f5f3bcb8 wp-block-group-is-layout-constrained\">\n<p class=\"has-text-align-center has-main-accent-color has-text-color has-small-font-size\" style=\"font-style:normal;font-weight:500\">RIB Aktion Scheveningen<\/p>\n\n\n\n<h1 class=\"wp-block-heading has-text-align-center has-secondary-font-family has-xxx-large-font-size\">RIB-Motorboot segeln &#8211; Powerkiting<\/h1>\n<\/div>\n\n\n\n<p class=\"has-text-align-center has-main-accent-color has-text-color has-small-font-size\" style=\"font-style:normal;font-weight:500\">Powerkiting, oder Sportdrachenfliegen und den Druck des Windes erleben, w\u00e4hrend Sie mit den F\u00fc\u00dfen \u00fcber den Sand gleiten. RIB-Motorbootsegeln kombiniert mit Powerkiting.<br\/>Kein Einzelverkauf. (nur in Kombination mit einem Bootsausflug)  <\/p>\n\n\n\n<div class=\"wp-block-buttons is-content-justification-center is-layout-flex wp-container-core-buttons-is-layout-f2baa792 wp-block-buttons-is-layout-flex\">\n<div class=\"wp-block-button\"><a class=\"wp-block-button__link has-primary-background-color has-background wp-element-button\" href=\"#reserveernu\" style=\"padding-top:var(--wp--preset--spacing--small);padding-right:var(--wp--preset--spacing--medium);padding-bottom:var(--wp--preset--spacing--small);padding-left:var(--wp--preset--spacing--medium)\">Buchen Sie jetzt!<\/a><\/div>\n<\/div>\n<\/div>\n<\/div>\n<\/div><\/div>\n\n<div class=\"wp-block-group alignfull has-global-padding is-layout-constrained wp-container-core-group-is-layout-09ea9c0c wp-block-group-is-layout-constrained\" style=\"margin-top:0px;margin-bottom:0px;padding-top:var(--wp--preset--spacing--large);padding-right:var(--wp--preset--spacing--medium);padding-bottom:var(--wp--preset--spacing--large);padding-left:var(--wp--preset--spacing--medium)\">\n<div class=\"wp-block-columns alignwide is-layout-flex wp-container-core-columns-is-layout-450d244e wp-block-columns-is-layout-flex\" style=\"margin-top:0px;margin-bottom:0px\">\n<div class=\"wp-block-column is-vertically-aligned-top is-layout-flow wp-block-column-is-layout-flow\" style=\"flex-basis:33.3%\">\n<figure class=\"wp-block-image size-full\"><img loading=\"lazy\" decoding=\"async\" width=\"1024\" height=\"570\" src=\"https:\/\/rib-actie.nl\/wp-content\/uploads\/2024\/02\/44a-powerkiten-als-onderdeel-van-je-rib-powerboat-arrangement-op-het-strand-van-scheveningen.jpg\" alt=\"Powerkiting als Teil Ihres Rib-Powerboat-Pakets am Strand von Scheveningen\" class=\"wp-image-1209\" srcset=\"https:\/\/www.rib-actie.nl\/wp-content\/uploads\/2024\/02\/44a-powerkiten-als-onderdeel-van-je-rib-powerboat-arrangement-op-het-strand-van-scheveningen.jpg 1024w, https:\/\/www.rib-actie.nl\/wp-content\/uploads\/2024\/02\/44a-powerkiten-als-onderdeel-van-je-rib-powerboat-arrangement-op-het-strand-van-scheveningen-300x167.jpg 300w, https:\/\/www.rib-actie.nl\/wp-content\/uploads\/2024\/02\/44a-powerkiten-als-onderdeel-van-je-rib-powerboat-arrangement-op-het-strand-van-scheveningen-768x428.jpg 768w\" sizes=\"auto, (max-width: 1024px) 100vw, 1024px\" \/><\/figure>\n\n\n\n<figure class=\"wp-block-image size-full\"><img loading=\"lazy\" decoding=\"async\" width=\"1074\" height=\"536\" src=\"https:\/\/rib-actie.nl\/wp-content\/uploads\/2024\/02\/44b-powerkiten-met-rib-actie-op-het-strand-van-Scheveningen.webp\" alt=\"Powerkiting mit Rippenaktion am Strand von Scheveningen\" class=\"wp-image-1210\" srcset=\"https:\/\/www.rib-actie.nl\/wp-content\/uploads\/2024\/02\/44b-powerkiten-met-rib-actie-op-het-strand-van-Scheveningen.webp 1074w, https:\/\/www.rib-actie.nl\/wp-content\/uploads\/2024\/02\/44b-powerkiten-met-rib-actie-op-het-strand-van-Scheveningen-300x150.webp 300w, https:\/\/www.rib-actie.nl\/wp-content\/uploads\/2024\/02\/44b-powerkiten-met-rib-actie-op-het-strand-van-Scheveningen-1024x511.webp 1024w, https:\/\/www.rib-actie.nl\/wp-content\/uploads\/2024\/02\/44b-powerkiten-met-rib-actie-op-het-strand-van-Scheveningen-768x383.webp 768w\" sizes=\"auto, (max-width: 1074px) 100vw, 1074px\" \/><\/figure>\n\n\n\n<div class=\"wp-block-buttons is-content-justification-center is-layout-flex wp-container-core-buttons-is-layout-7a982500 wp-block-buttons-is-layout-flex\" style=\"margin-top:var(--wp--preset--spacing--large);margin-bottom:var(--wp--preset--spacing--large)\">\n<div class=\"wp-block-button lemonsqueezy-button\"><a class=\"wp-block-button__link wp-element-button\" href=\"#reserveernu\">Buchen Sie jetzt!<\/a><\/div>\n<\/div>\n<\/div>\n\n\n\n<div class=\"wp-block-column is-vertically-aligned-top is-layout-flow wp-block-column-is-layout-flow\">\n<div class=\"wp-block-group is-nowrap is-layout-flex wp-container-core-group-is-layout-f66f9956 wp-block-group-is-layout-flex\">\n<div class=\"wp-block-group has-primary-background-color has-background has-global-padding is-layout-constrained wp-container-core-group-is-layout-29618edf wp-block-group-is-layout-constrained\" style=\"border-radius:100px;padding-top:5px;padding-right:15px;padding-bottom:5px;padding-left:15px\">\n<p class=\"has-primary-color has-text-color\">1  <\/p>\n<\/div>\n\n\n\n<div class=\"wp-block-group is-vertical is-layout-flex wp-container-core-group-is-layout-7aa4b7fc wp-block-group-is-layout-flex\">\n<h3 class=\"wp-block-heading has-medium-font-size\">Holen Sie sich am Strand von Scheveningen frische Luft!<\/h3>\n\n\n\n<p>Nach einer kurzen und pr\u00e4gnanten Einweisung k\u00f6nnen die Kites schon bald in die Luft gehen. Hier werden Sie bald die Grundlagen des Drachenfliegens beherrschen und wenige Augenblicke sp\u00e4ter werden Sie den Kite von links nach rechts und vielleicht sogar durch die Powerzone fliegen. Mit diesem Wissen und dieser Erfahrung legen Sie sogar einen Grundstein f\u00fcr das Kitesurfen!  <\/p>\n\n\n\n<p>Sobald Sie die Feinheiten des Kiteings beherrschen, k\u00f6nnen Sie einen gr\u00f6\u00dferen Kite nehmen. Wir k\u00f6nnen Powerkiting an einem unserer festen Standorte oder an einem Ort Ihrer Wahl anbieten. <\/p>\n<\/div>\n<\/div>\n\n\n\n<div class=\"wp-block-group is-nowrap is-layout-flex wp-container-core-group-is-layout-f66f9956 wp-block-group-is-layout-flex\">\n<div class=\"wp-block-group has-primary-background-color has-background has-global-padding is-layout-constrained wp-container-core-group-is-layout-91dc1592 wp-block-group-is-layout-constrained\" style=\"border-radius:100px;padding-top:5px;padding-right:13px;padding-bottom:5px;padding-left:14px\">\n<p class=\"has-primary-color has-text-color\">2  <\/p>\n<\/div>\n\n\n\n<div class=\"wp-block-group is-vertical is-layout-flex wp-container-core-group-is-layout-7aa4b7fc wp-block-group-is-layout-flex\">\n<h3 class=\"wp-block-heading has-medium-font-size\"><strong>Kosten Powerkiting<\/strong><\/h3>\n\n\n\n<ul class=\"wp-block-list\">\n<li>Bis zu 25 Personen 25,- Euro pro Person<\/li>\n\n\n\n<li>25\/50 Personen 22,50 Euro pro Person<\/li>\n\n\n\n<li>-&gt; 50 Personen 20,- Euro pro Person<\/li>\n<\/ul>\n<\/div>\n<\/div>\n<\/div>\n<\/div>\n<\/div>\n\n<div class=\"wp-block-group alignfull has-global-padding is-layout-constrained wp-container-core-group-is-layout-09ea9c0c wp-block-group-is-layout-constrained\" id=\"reserveernu\" style=\"margin-top:0px;margin-bottom:0px;padding-top:var(--wp--preset--spacing--large);padding-right:var(--wp--preset--spacing--medium);padding-bottom:var(--wp--preset--spacing--large);padding-left:var(--wp--preset--spacing--medium)\">\n<div class=\"wp-block-group alignwide is-style-column-box-shadow has-tertiary-background-color has-background is-layout-flow wp-container-core-group-is-layout-38aff7b2 wp-block-group-is-layout-flow\" style=\"margin-top:0px;margin-bottom:0px\">\n<div class=\"wp-block-bookly-form\"><!--\nPlugin Name: Bookly - Responsive WordPress Appointment Booking and Scheduling Plugin\nPlugin URI: https:\/\/www.booking-wp-plugin.com\/?utm_source=bookly_admin&utm_medium=plugins_page&utm_campaign=plugins_page\nVersion: 27.4-->\n<style type=\"text\/css\">\n    :root {\n        --bookly-main-color: #fcda05 !important;\n        --bookly-color: #fcda05 !important;\n    }\n\n    <\/style><div class=\"bookly-css-root\">\n    <div id=\"bookly-form-container-69e31273c9b31\" class=\"bookly-form\" data-form_id=\"\" aria-live=\"polite\">\n        <div style=\"text-align: center\"><img decoding=\"async\" src=\"https:\/\/www.rib-actie.nl\/wp-includes\/js\/tinymce\/skins\/lightgray\/img\/loader.gif\" alt=\"Wird geladen ...\"\/><\/div>\n    <\/div>\n<\/div>\n<script type=\"text\/javascript\">\n    (function (win, fn) {\n        var done = false, top = true,\n            doc = win.document,\n            root = doc.documentElement,\n            modern = doc.addEventListener,\n            add = modern ? 'addEventListener' : 'attachEvent',\n            rem = modern ? 'removeEventListener' : 'detachEvent',\n            pre = modern ? '' : 'on',\n            init = function (e) {\n                if (e.type == 'readystatechange') if (doc.readyState != 'complete') return;\n                (e.type == 'load' ? win : doc)[rem](pre + e.type, init, false);\n                if (!done) {\n                    done = true;\n                    fn.call(win, e.type || e);\n                }\n            },\n            poll = function () {\n                try {\n                    root.doScroll('left');\n                } catch (e) {\n                    setTimeout(poll, 50);\n                    return;\n                }\n                init('poll');\n            };\n        if (doc.readyState == 'complete') fn.call(win, 'lazy');\n        else {\n            if (!modern) if (root.doScroll) {\n                try {\n                    top = !win.frameElement;\n                } catch (e) {\n                }\n                if (top) poll();\n            }\n            doc[add](pre + 'DOMContentLoaded', init, false);\n            doc[add](pre + 'readystatechange', init, false);\n            win[add](pre + 'load', init, false);\n        }\n    })(window, function () {\n        window.bookly( {\"form_id\":\"69e31273c9b31\",\"form_data\":{\"skip_service_step\":0,\"hide_service_part1\":0,\"hide_service_part2\":1,\"defaults\":{\"service_id\":9,\"staff_id\":0,\"location_id\":0,\"category_id\":5,\"units\":0,\"date_from\":0,\"time_from\":0,\"time_to\":0}},\"status\":{\"booking\":\"new\"},\"form_token\":null,\"skip_steps\":{\"service_part1\":0,\"service_part2\":1,\"extras\":1,\"time\":0,\"repeat\":1,\"cart\":0},\"errors\":{\"session_error\":\"Session-Fehler.\",\"form_id_error\":\"Formular-ID Fehler.\",\"cart_item_not_available\":\"Die markierte Zeit ist nicht mehr verf\\u00fcgbar. Bitte w\\u00e4hlen Sie einen anderen Zeitslot. \",\"pay_locally_not_available\":\"Vor Ort zahlen ist nicht verf\\u00fcgbar.\",\"invalid_gateway\":\"Ung\\u00fcltiger Zugang.\",\"payment_error\":\"Fehler.\",\"incorrect_username_password\":\"Der Benutzername oder das Passwort ist falsch.\"},\"form_attributes\":{\"hide_categories\":false,\"hide_services\":false,\"hide_staff_members\":true,\"show_number_of_persons\":true,\"hide_service_duration\":true,\"hide_locations\":true,\"hide_quantity\":true,\"hide_date\":true,\"hide_week_days\":true,\"hide_time_range\":true},\"use_client_time_zone\":0,\"defaults\":{\"service_id\":9,\"staff_id\":0,\"location_id\":0,\"category_id\":5},\"datepicker_mode\":\"text-accent\",\"facebook\":{\"enabled\":0,\"appId\":\"\"}} );\n    });\n<\/script><\/div>\n<\/div>\n<\/div>\n","protected":false},"excerpt":{"rendered":"<p>1 Holen Sie sich am Strand von Scheveningen frische Luft! Nach einer kurzen und pr\u00e4gnanten Einweisung k\u00f6nnen die Kites schon bald in die Luft gehen. Hier werden Sie bald die Grundlagen des Drachenfliegens beherrschen und wenige Augenblicke sp\u00e4ter werden Sie den Kite von links nach rechts und vielleicht sogar durch die Powerzone fliegen. Mit diesem [&hellip;]<\/p>\n","protected":false},"author":1,"featured_media":0,"parent":22870,"menu_order":51,"comment_status":"closed","ping_status":"closed","template":"page-no-title","meta":{"footnotes":""},"class_list":["post-22867","page","type-page","status-publish","hentry"],"yoast_head":"<!-- This site is optimized with the Yoast SEO plugin v27.4 - https:\/\/yoast.com\/product\/yoast-seo-wordpress\/ -->\n<title>Powerkiting in Scheveningen.<\/title>\n<meta name=\"description\" content=\"Powerkiting, oder Sportdrachenfliegen und den Druck des Windes sp\u00fcren, w\u00e4hrend Sie mit den F\u00fc\u00dfen \u00fcber den Sand gleiten. RIB-Motorbootsegeln kombiniert mit Powerkiting. Kein Einzelverkauf. (nur in Kombination mit einem Bootsausflug)\" \/>\n<meta name=\"robots\" content=\"index, follow, max-snippet:-1, max-image-preview:large, max-video-preview:-1\" \/>\n<link rel=\"canonical\" href=\"https:\/\/www.rib-actie.nl\/de\/kombinieren-sie-pakete-mit-rippenkreuzfahrten\/powerkiting\/\" \/>\n<meta property=\"og:locale\" content=\"de_DE\" \/>\n<meta property=\"og:type\" content=\"article\" \/>\n<meta property=\"og:title\" content=\"Powerkiting in Scheveningen.\" \/>\n<meta property=\"og:description\" content=\"Powerkiting, oder Sportdrachenfliegen und den Druck des Windes sp\u00fcren, w\u00e4hrend Sie mit den F\u00fc\u00dfen \u00fcber den Sand gleiten. RIB-Motorbootsegeln kombiniert mit Powerkiting. Kein Einzelverkauf. (nur in Kombination mit einem Bootsausflug)\" \/>\n<meta property=\"og:url\" content=\"https:\/\/www.rib-actie.nl\/de\/kombinieren-sie-pakete-mit-rippenkreuzfahrten\/powerkiting\/\" \/>\n<meta property=\"og:site_name\" content=\"www.rib-actie.nl\" \/>\n<meta property=\"article:publisher\" content=\"https:\/\/www.facebook.com\/ribactie\/\" \/>\n<meta property=\"article:modified_time\" content=\"2025-03-04T20:29:54+00:00\" \/>\n<meta property=\"og:image\" content=\"https:\/\/rib-actie.nl\/wp-content\/uploads\/2024\/02\/44-Powerkiten-als-arrangement-samen-met-rib-powerboat-varen-vanuit-de-haven-van-scheveningen.jpg\" \/>\n<meta name=\"twitter:card\" content=\"summary_large_image\" \/>\n<meta name=\"twitter:label1\" content=\"Gesch\u00e4tzte Lesezeit\" \/>\n\t<meta name=\"twitter:data1\" content=\"1\u00a0Minute\" \/>\n<script type=\"application\/ld+json\" class=\"yoast-schema-graph\">{\"@context\":\"https:\\\/\\\/schema.org\",\"@graph\":[{\"@type\":\"WebPage\",\"@id\":\"https:\\\/\\\/www.rib-actie.nl\\\/de\\\/kombinieren-sie-pakete-mit-rippenkreuzfahrten\\\/powerkiting\\\/\",\"url\":\"https:\\\/\\\/www.rib-actie.nl\\\/de\\\/kombinieren-sie-pakete-mit-rippenkreuzfahrten\\\/powerkiting\\\/\",\"name\":\"Powerkiting in Scheveningen.\",\"isPartOf\":{\"@id\":\"https:\\\/\\\/www.rib-actie.nl\\\/de\\\/#website\"},\"primaryImageOfPage\":{\"@id\":\"https:\\\/\\\/www.rib-actie.nl\\\/de\\\/kombinieren-sie-pakete-mit-rippenkreuzfahrten\\\/powerkiting\\\/#primaryimage\"},\"image\":{\"@id\":\"https:\\\/\\\/www.rib-actie.nl\\\/de\\\/kombinieren-sie-pakete-mit-rippenkreuzfahrten\\\/powerkiting\\\/#primaryimage\"},\"thumbnailUrl\":\"https:\\\/\\\/rib-actie.nl\\\/wp-content\\\/uploads\\\/2024\\\/02\\\/44-Powerkiten-als-arrangement-samen-met-rib-powerboat-varen-vanuit-de-haven-van-scheveningen.jpg\",\"datePublished\":\"2023-12-17T12:41:22+00:00\",\"dateModified\":\"2025-03-04T20:29:54+00:00\",\"description\":\"Powerkiting, oder Sportdrachenfliegen und den Druck des Windes sp\u00fcren, w\u00e4hrend Sie mit den F\u00fc\u00dfen \u00fcber den Sand gleiten. RIB-Motorbootsegeln kombiniert mit Powerkiting. Kein Einzelverkauf. (nur in Kombination mit einem Bootsausflug)\",\"breadcrumb\":{\"@id\":\"https:\\\/\\\/www.rib-actie.nl\\\/de\\\/kombinieren-sie-pakete-mit-rippenkreuzfahrten\\\/powerkiting\\\/#breadcrumb\"},\"inLanguage\":\"de\",\"potentialAction\":[{\"@type\":\"ReadAction\",\"target\":[\"https:\\\/\\\/www.rib-actie.nl\\\/de\\\/kombinieren-sie-pakete-mit-rippenkreuzfahrten\\\/powerkiting\\\/\"]}]},{\"@type\":\"ImageObject\",\"inLanguage\":\"de\",\"@id\":\"https:\\\/\\\/www.rib-actie.nl\\\/de\\\/kombinieren-sie-pakete-mit-rippenkreuzfahrten\\\/powerkiting\\\/#primaryimage\",\"url\":\"https:\\\/\\\/rib-actie.nl\\\/wp-content\\\/uploads\\\/2024\\\/02\\\/44-Powerkiten-als-arrangement-samen-met-rib-powerboat-varen-vanuit-de-haven-van-scheveningen.jpg\",\"contentUrl\":\"https:\\\/\\\/rib-actie.nl\\\/wp-content\\\/uploads\\\/2024\\\/02\\\/44-Powerkiten-als-arrangement-samen-met-rib-powerboat-varen-vanuit-de-haven-van-scheveningen.jpg\"},{\"@type\":\"BreadcrumbList\",\"@id\":\"https:\\\/\\\/www.rib-actie.nl\\\/de\\\/kombinieren-sie-pakete-mit-rippenkreuzfahrten\\\/powerkiting\\\/#breadcrumb\",\"itemListElement\":[{\"@type\":\"ListItem\",\"position\":1,\"name\":\"Startseite\",\"item\":\"https:\\\/\\\/www.rib-actie.nl\\\/de\\\/\"},{\"@type\":\"ListItem\",\"position\":2,\"name\":\"Kombinieren Sie Pakete mit Rippenkreuzfahrten\",\"item\":\"https:\\\/\\\/www.rib-actie.nl\\\/de\\\/kombinieren-sie-pakete-mit-rippenkreuzfahrten\\\/\"},{\"@type\":\"ListItem\",\"position\":3,\"name\":\"Powerkiting\"}]},{\"@type\":\"WebSite\",\"@id\":\"https:\\\/\\\/www.rib-actie.nl\\\/de\\\/#website\",\"url\":\"https:\\\/\\\/www.rib-actie.nl\\\/de\\\/\",\"name\":\"www.rib-actie.nl Rigid Inflatable powerBoat Scheveningen\",\"description\":\"Rondvaarten voor de kust van Scheveningen\",\"potentialAction\":[{\"@type\":\"SearchAction\",\"target\":{\"@type\":\"EntryPoint\",\"urlTemplate\":\"https:\\\/\\\/www.rib-actie.nl\\\/de\\\/?s={search_term_string}\"},\"query-input\":{\"@type\":\"PropertyValueSpecification\",\"valueRequired\":true,\"valueName\":\"search_term_string\"}}],\"inLanguage\":\"de\"}]}<\/script>\n<!-- \/ Yoast SEO plugin. -->","yoast_head_json":{"title":"Powerkiting in Scheveningen.","description":"Powerkiting, oder Sportdrachenfliegen und den Druck des Windes sp\u00fcren, w\u00e4hrend Sie mit den F\u00fc\u00dfen \u00fcber den Sand gleiten. RIB-Motorbootsegeln kombiniert mit Powerkiting. Kein Einzelverkauf. (nur in Kombination mit einem Bootsausflug)","robots":{"index":"index","follow":"follow","max-snippet":"max-snippet:-1","max-image-preview":"max-image-preview:large","max-video-preview":"max-video-preview:-1"},"canonical":"https:\/\/www.rib-actie.nl\/de\/kombinieren-sie-pakete-mit-rippenkreuzfahrten\/powerkiting\/","og_locale":"de_DE","og_type":"article","og_title":"Powerkiting in Scheveningen.","og_description":"Powerkiting, oder Sportdrachenfliegen und den Druck des Windes sp\u00fcren, w\u00e4hrend Sie mit den F\u00fc\u00dfen \u00fcber den Sand gleiten. RIB-Motorbootsegeln kombiniert mit Powerkiting. Kein Einzelverkauf. (nur in Kombination mit einem Bootsausflug)","og_url":"https:\/\/www.rib-actie.nl\/de\/kombinieren-sie-pakete-mit-rippenkreuzfahrten\/powerkiting\/","og_site_name":"www.rib-actie.nl","article_publisher":"https:\/\/www.facebook.com\/ribactie\/","article_modified_time":"2025-03-04T20:29:54+00:00","og_image":[{"url":"https:\/\/rib-actie.nl\/wp-content\/uploads\/2024\/02\/44-Powerkiten-als-arrangement-samen-met-rib-powerboat-varen-vanuit-de-haven-van-scheveningen.jpg","type":"","width":"","height":""}],"twitter_card":"summary_large_image","twitter_misc":{"Gesch\u00e4tzte Lesezeit":"1\u00a0Minute"},"schema":{"@context":"https:\/\/schema.org","@graph":[{"@type":"WebPage","@id":"https:\/\/www.rib-actie.nl\/de\/kombinieren-sie-pakete-mit-rippenkreuzfahrten\/powerkiting\/","url":"https:\/\/www.rib-actie.nl\/de\/kombinieren-sie-pakete-mit-rippenkreuzfahrten\/powerkiting\/","name":"Powerkiting in Scheveningen.","isPartOf":{"@id":"https:\/\/www.rib-actie.nl\/de\/#website"},"primaryImageOfPage":{"@id":"https:\/\/www.rib-actie.nl\/de\/kombinieren-sie-pakete-mit-rippenkreuzfahrten\/powerkiting\/#primaryimage"},"image":{"@id":"https:\/\/www.rib-actie.nl\/de\/kombinieren-sie-pakete-mit-rippenkreuzfahrten\/powerkiting\/#primaryimage"},"thumbnailUrl":"https:\/\/rib-actie.nl\/wp-content\/uploads\/2024\/02\/44-Powerkiten-als-arrangement-samen-met-rib-powerboat-varen-vanuit-de-haven-van-scheveningen.jpg","datePublished":"2023-12-17T12:41:22+00:00","dateModified":"2025-03-04T20:29:54+00:00","description":"Powerkiting, oder Sportdrachenfliegen und den Druck des Windes sp\u00fcren, w\u00e4hrend Sie mit den F\u00fc\u00dfen \u00fcber den Sand gleiten. RIB-Motorbootsegeln kombiniert mit Powerkiting. Kein Einzelverkauf. (nur in Kombination mit einem Bootsausflug)","breadcrumb":{"@id":"https:\/\/www.rib-actie.nl\/de\/kombinieren-sie-pakete-mit-rippenkreuzfahrten\/powerkiting\/#breadcrumb"},"inLanguage":"de","potentialAction":[{"@type":"ReadAction","target":["https:\/\/www.rib-actie.nl\/de\/kombinieren-sie-pakete-mit-rippenkreuzfahrten\/powerkiting\/"]}]},{"@type":"ImageObject","inLanguage":"de","@id":"https:\/\/www.rib-actie.nl\/de\/kombinieren-sie-pakete-mit-rippenkreuzfahrten\/powerkiting\/#primaryimage","url":"https:\/\/rib-actie.nl\/wp-content\/uploads\/2024\/02\/44-Powerkiten-als-arrangement-samen-met-rib-powerboat-varen-vanuit-de-haven-van-scheveningen.jpg","contentUrl":"https:\/\/rib-actie.nl\/wp-content\/uploads\/2024\/02\/44-Powerkiten-als-arrangement-samen-met-rib-powerboat-varen-vanuit-de-haven-van-scheveningen.jpg"},{"@type":"BreadcrumbList","@id":"https:\/\/www.rib-actie.nl\/de\/kombinieren-sie-pakete-mit-rippenkreuzfahrten\/powerkiting\/#breadcrumb","itemListElement":[{"@type":"ListItem","position":1,"name":"Startseite","item":"https:\/\/www.rib-actie.nl\/de\/"},{"@type":"ListItem","position":2,"name":"Kombinieren Sie Pakete mit Rippenkreuzfahrten","item":"https:\/\/www.rib-actie.nl\/de\/kombinieren-sie-pakete-mit-rippenkreuzfahrten\/"},{"@type":"ListItem","position":3,"name":"Powerkiting"}]},{"@type":"WebSite","@id":"https:\/\/www.rib-actie.nl\/de\/#website","url":"https:\/\/www.rib-actie.nl\/de\/","name":"www.rib-actie.nl Rigid Inflatable powerBoat Scheveningen","description":"Rondvaarten voor de kust van Scheveningen","potentialAction":[{"@type":"SearchAction","target":{"@type":"EntryPoint","urlTemplate":"https:\/\/www.rib-actie.nl\/de\/?s={search_term_string}"},"query-input":{"@type":"PropertyValueSpecification","valueRequired":true,"valueName":"search_term_string"}}],"inLanguage":"de"}]}},"_links":{"self":[{"href":"https:\/\/www.rib-actie.nl\/de\/wp-json\/wp\/v2\/pages\/22867","targetHints":{"allow":["GET"]}}],"collection":[{"href":"https:\/\/www.rib-actie.nl\/de\/wp-json\/wp\/v2\/pages"}],"about":[{"href":"https:\/\/www.rib-actie.nl\/de\/wp-json\/wp\/v2\/types\/page"}],"author":[{"embeddable":true,"href":"https:\/\/www.rib-actie.nl\/de\/wp-json\/wp\/v2\/users\/1"}],"replies":[{"embeddable":true,"href":"https:\/\/www.rib-actie.nl\/de\/wp-json\/wp\/v2\/comments?post=22867"}],"version-history":[{"count":0,"href":"https:\/\/www.rib-actie.nl\/de\/wp-json\/wp\/v2\/pages\/22867\/revisions"}],"up":[{"embeddable":true,"href":"https:\/\/www.rib-actie.nl\/de\/wp-json\/wp\/v2\/pages\/22870"}],"wp:attachment":[{"href":"https:\/\/www.rib-actie.nl\/de\/wp-json\/wp\/v2\/media?parent=22867"}],"curies":[{"name":"wp","href":"https:\/\/api.w.org\/{rel}","templated":true}]}}