{"id":22854,"date":"2024-02-02T12:11:44","date_gmt":"2024-02-02T11:11:44","guid":{"rendered":"https:\/\/rib-actie.nl\/erfahren-sie-mehr-ueber-das-segeln-mit-einem-rib-motorboot\/"},"modified":"2025-03-04T21:29:53","modified_gmt":"2025-03-04T20:29:53","slug":"erfahren-sie-mehr-ueber-das-segeln-mit-einem-rib-motorboot","status":"publish","type":"page","link":"https:\/\/www.rib-actie.nl\/de\/erfahren-sie-mehr-ueber-das-segeln-mit-einem-rib-motorboot\/","title":{"rendered":"Erfahren Sie mehr \u00fcber das Segeln mit einem RIB-Motorboot."},"content":{"rendered":"\n<div class=\"wp-block-group alignfull feature-boxes has-global-padding is-layout-constrained wp-container-core-group-is-layout-3458909d wp-block-group-is-layout-constrained\" style=\"margin-top:0px;padding-top:var(--wp--preset--spacing--xx-large);padding-right:var(--wp--preset--spacing--medium);padding-bottom:var(--wp--preset--spacing--xx-large);padding-left:var(--wp--preset--spacing--medium)\">\n<div class=\"wp-block-group is-layout-flow wp-container-core-group-is-layout-c7b3064f wp-block-group-is-layout-flow\">\n<p class=\"has-text-align-center has-primary-color has-text-color has-small-font-size\" style=\"font-style:normal;font-weight:500\">H\u00e4ufig gestellte Fragen<\/p>\n\n\n\n<h2 class=\"wp-block-heading has-text-align-center\">Mehr Informationen \u00fcber RIB-Motorbootfahren<\/h2>\n\n\n\n<p class=\"has-text-align-center\">Wir kennen uns auf dem Meer sehr gut aus und sind sehr erfahren<\/p>\n<\/div>\n\n\n\n<div class=\"wp-block-group alignwide is-vertical is-layout-flex wp-container-core-group-is-layout-c5442126 wp-block-group-is-layout-flex\">\n<div class=\"wp-block-columns alignwide is-layout-flex wp-container-core-columns-is-layout-9dcac5f8 wp-block-columns-is-layout-flex\" style=\"margin-top:0px;margin-bottom:0px\">\n<div class=\"wp-block-column is-style-default is-layout-flow wp-container-core-column-is-layout-360d14ef wp-block-column-is-layout-flow\">\n<div class=\"wp-block-group has-global-padding is-layout-constrained wp-block-group-is-layout-constrained\">\n<div class=\"wp-block-group has-global-padding is-layout-constrained wp-container-core-group-is-layout-4b99461e wp-block-group-is-layout-constrained\" style=\"border-radius:5px\">\n<div class=\"wp-block-group has-global-padding is-layout-constrained wp-container-core-group-is-layout-f5f3bcb8 wp-block-group-is-layout-constrained\">\n<h3 class=\"wp-block-heading has-medium-font-size\"><strong>Bis zu welcher Windst\u00e4rke segeln wir hinaus?<\/strong><\/h3>\n\n\n\n<p>Eine h\u00e4ufig gestellte Frage! Wenn man es mit Wind, Gezeiten und Wellengang zu tun hat, kann man nicht generell sagen, dass man ab Windst\u00e4rke 7 nicht mehr rausf\u00e4hrt. Bei Nord-West 5 &#8211; 6 besteht die Chance, dass wir nicht segeln, aber bei S\u00fcd 7 k\u00f6nnte es immer noch gut sein. Es kommt auch darauf an, mit welcher Tide wir es zu tun haben. Mit anderen Worten: Die variablen Bedingungen bestimmen, ob wir es f\u00fcr vertretbar halten, zu starten oder nicht. In jedem Fall treffen wir die Entscheidung, nicht zu starten, aus Gr\u00fcnden der Sicherheit und Verantwortung. Die Entscheidung liegt <strong>immer<\/strong> beim Skipper und steht nicht zur Debatte.      <\/p>\n<\/div>\n<\/div>\n\n\n\n<div class=\"wp-block-group has-global-padding is-layout-constrained wp-container-core-group-is-layout-4b99461e wp-block-group-is-layout-constrained\" style=\"border-radius:5px\">\n<div class=\"wp-block-group has-global-padding is-layout-constrained wp-container-core-group-is-layout-f5f3bcb8 wp-block-group-is-layout-constrained\">\n<h3 class=\"wp-block-heading has-medium-font-size\"><strong>Die See ist st\u00fcrmisch, was nun?<\/strong><\/h3>\n\n\n\n<p>Wir stornieren nur wenige Male im Jahr RIB-Powerboat-Reisen, aber auch wir sind entt\u00e4uscht, wenn wir eine RIB-Powerboat-Reise stornieren m\u00fcssen. Wir sind jedoch der Meinung, dass Sie als Kunde nicht darunter leiden sollten und bieten Ihnen daher den folgenden Service an. Wenn wir aufgrund einer unsicheren Situation nicht rausfahren k\u00f6nnen, gibt es zwei M\u00f6glichkeiten:  <\/p>\n\n\n\n<ol class=\"wp-block-list\">\n<li><strong>100%ige R\u00fcckerstattung f\u00fcr das Segeln mit einem Motorboot<\/strong> (d.h. auch ohne zus\u00e4tzliche Verwaltungsgeb\u00fchren).<\/li>\n\n\n\n<li><strong>Inshore-Rippbootsegeln<\/strong>: Schlie\u00dflich sind Sie nach Scheveningen gekommen, um zu segeln. Im Falle einer unsicheren Situation gibt es die M\u00f6glichkeit, k\u00fcstennah zu segeln. Wir segeln bis zu den Wellenbrechern und kurz bevor es zu heftig wird, biegen wir in die Flussm\u00fcndung ein. Oft merkt man erst, wenn man die st\u00fcrmische See sieht, dass es eine gute Entscheidung war, an Land zu bleiben.   <\/li>\n<\/ol>\n\n\n\n<p>Es steht Ihnen v\u00f6llig frei, sich entweder f\u00fcr die 100%ige R\u00fcckerstattung oder f\u00fcr eine RIB-Kreuzfahrt im Inland zu entscheiden. Die Aktivit\u00e4ten, die nicht von RIB Action Scheveningen, sondern von einem unserer Partner organisiert werden, finden gem\u00e4\u00df dem Programm statt. <\/p>\n<\/div>\n<\/div>\n<\/div>\n<\/div>\n\n\n\n<div class=\"wp-block-column is-style-default is-layout-flow wp-container-core-column-is-layout-360d14ef wp-block-column-is-layout-flow\">\n<div class=\"wp-block-group has-global-padding is-layout-constrained wp-block-group-is-layout-constrained\">\n<div class=\"wp-block-group has-global-padding is-layout-constrained wp-container-core-group-is-layout-4b99461e wp-block-group-is-layout-constrained\" style=\"border-radius:5px\">\n<div class=\"wp-block-group has-global-padding is-layout-constrained wp-container-core-group-is-layout-f5f3bcb8 wp-block-group-is-layout-constrained\">\n<h3 class=\"wp-block-heading has-medium-font-size\"><strong>RIB-Segeln auf eigene Gefahr Scheveningen<\/strong><\/h3>\n\n\n\n<p>Die Teilnahme an den Aktivit\u00e4ten von RIB Action Scheveningen erfolgt auf eigene Gefahr. Vor der Abfahrt halten wir eine ausf\u00fchrliche Sicherheitseinweisung ab. Bitte beachten Sie, dass RIB-Motorbootfahren nicht m\u00f6glich ist, wenn Sie R\u00fccken- und\/oder Nackenprobleme haben oder schwanger sind. Wir werden Sie auch nicht an Bord nehmen, wenn Sie unter Alkoholeinfluss stehen. Sollte es trotz aller Vorsichtsma\u00dfnahmen zu pers\u00f6nlichen Zwischenf\u00e4llen kommen, haben wir f\u00fcr alle Teilnehmer ein sehr umfassendes Versicherungspaket abgeschlossen. Teilnehmer unter 18 Jahren m\u00fcssen diese Erkl\u00e4rung im Voraus von einem Elternteil und\/oder Erziehungsberechtigten unterschreiben lassen.     <\/p>\n\n\n\n<p><a href=\"https:\/\/rib-actie.nl\/meer-informatie-over-rib-powerboat-varen\/algemene-voorwaarden\/\">Allgemeine Gesch\u00e4ftsbedingungen RIB Action Scheveningen B.V.<\/a><\/p>\n<\/div>\n<\/div>\n\n\n\n<div class=\"wp-block-group has-global-padding is-layout-constrained wp-container-core-group-is-layout-4b99461e wp-block-group-is-layout-constrained\" style=\"border-radius:5px\">\n<div class=\"wp-block-group has-global-padding is-layout-constrained wp-container-core-group-is-layout-f5f3bcb8 wp-block-group-is-layout-constrained\">\n<h3 class=\"wp-block-heading has-medium-font-size\"><strong>Schutzkleidung inklusive!<\/strong><\/h3>\n\n\n\n<p>W\u00e4hrend der Segelt\u00f6rns von RIB-Action Scheveningen werden Sie u.a. mit Segelanz\u00fcgen von Helly Hansen (lange Hosen mit Jacke) ausgestattet. Diese Segelanz\u00fcge verhindern, dass Sie frieren oder nass werden. Au\u00dferdem sch\u00fctzen diese Anz\u00fcge Sie vor Salzablagerungen auf Ihrer Kleidung, die durch die her\u00fcberwehende Gischt verursacht werden.  <\/p>\n<\/div>\n<\/div>\n<\/div>\n<\/div>\n<\/div>\n<\/div>\n\n\n\n<div class=\"wp-block-group alignwide has-tertiary-background-color has-background has-global-padding is-layout-constrained wp-container-core-group-is-layout-4f2fc681 wp-block-group-is-layout-constrained\" style=\"border-radius:5px;padding-top:var(--wp--preset--spacing--medium);padding-right:var(--wp--preset--spacing--medium);padding-bottom:var(--wp--preset--spacing--medium);padding-left:var(--wp--preset--spacing--medium)\">\n<div class=\"wp-block-group alignwide is-content-justification-space-between is-layout-flex wp-container-core-group-is-layout-9366075c wp-block-group-is-layout-flex\">\n<div class=\"wp-block-group has-global-padding is-layout-constrained wp-container-core-group-is-layout-648b1458 wp-block-group-is-layout-constrained\">\n<div class=\"wp-block-group is-layout-flex wp-block-group-is-layout-flex\">\n<figure class=\"wp-block-image size-full is-resized is-style-rounded-full\"><img loading=\"lazy\" decoding=\"async\" width=\"1080\" height=\"1350\" src=\"https:\/\/rib-actie.nl\/wp-content\/uploads\/2024\/02\/portretfoto-David-Breukhoven.jpg\" alt=\"Portr&#xE4;tfoto von Kapit&#xE4;n und von rib-action.de David Breukhoven\" class=\"wp-image-860\" style=\"width:76px\" srcset=\"https:\/\/www.rib-actie.nl\/wp-content\/uploads\/2024\/02\/portretfoto-David-Breukhoven.jpg 1080w, https:\/\/www.rib-actie.nl\/wp-content\/uploads\/2024\/02\/portretfoto-David-Breukhoven-240x300.jpg 240w, https:\/\/www.rib-actie.nl\/wp-content\/uploads\/2024\/02\/portretfoto-David-Breukhoven-819x1024.jpg 819w, https:\/\/www.rib-actie.nl\/wp-content\/uploads\/2024\/02\/portretfoto-David-Breukhoven-768x960.jpg 768w\" sizes=\"auto, (max-width: 1080px) 100vw, 1080px\" \/><\/figure>\n\n\n\n<div class=\"wp-block-group is-vertical is-layout-flex wp-container-core-group-is-layout-91b54b4f wp-block-group-is-layout-flex\">\n<p class=\"has-medium-font-size\" style=\"font-style:normal;font-weight:500\">Haben Sie eine Frage an uns?<\/p>\n\n\n\n<p>Haben Sie nicht gefunden, was Sie wissen wollten?<\/p>\n<\/div>\n<\/div>\n<\/div>\n\n\n\n<div class=\"wp-block-buttons is-layout-flex wp-block-buttons-is-layout-flex\">\n<div class=\"wp-block-button\"><a class=\"wp-block-button__link wp-element-button\" href=\"https:\/\/rib-actie.nl\/meer-informatie-over-rib-powerboat-varen\/contact\/\">\u2192 Kontakt<\/a><\/div>\n<\/div>\n<\/div>\n<\/div>\n<\/div>\n","protected":false},"excerpt":{"rendered":"<p>H\u00e4ufig gestellte Fragen Mehr Informationen \u00fcber RIB-Motorbootfahren Wir kennen uns auf dem Meer sehr gut aus und sind sehr erfahren Bis zu welcher Windst\u00e4rke segeln wir hinaus? Eine h\u00e4ufig gestellte Frage! Wenn man es mit Wind, Gezeiten und Wellengang zu tun hat, kann man nicht generell sagen, dass man ab Windst\u00e4rke 7 nicht mehr rausf\u00e4hrt. [&hellip;]<\/p>\n","protected":false},"author":1,"featured_media":0,"parent":0,"menu_order":60,"comment_status":"closed","ping_status":"closed","template":"page-no-title","meta":{"footnotes":""},"class_list":["post-22854","page","type-page","status-publish","hentry"],"yoast_head":"<!-- This site is optimized with the Yoast SEO plugin v27.5 - https:\/\/yoast.com\/product\/yoast-seo-wordpress\/ -->\n<title>Erfahren Sie mehr \u00fcber das Segeln mit einem RIB-Motorboot.<\/title>\n<meta name=\"robots\" content=\"index, follow, max-snippet:-1, max-image-preview:large, max-video-preview:-1\" \/>\n<link rel=\"canonical\" href=\"https:\/\/www.rib-actie.nl\/de\/erfahren-sie-mehr-ueber-das-segeln-mit-einem-rib-motorboot\/\" \/>\n<meta property=\"og:locale\" content=\"de_DE\" \/>\n<meta property=\"og:type\" content=\"article\" \/>\n<meta property=\"og:title\" content=\"Erfahren Sie mehr \u00fcber das Segeln mit einem RIB-Motorboot.\" \/>\n<meta property=\"og:description\" content=\"H\u00e4ufig gestellte Fragen Mehr Informationen \u00fcber RIB-Motorbootfahren Wir kennen uns auf dem Meer sehr gut aus und sind sehr erfahren Bis zu welcher Windst\u00e4rke segeln wir hinaus? Eine h\u00e4ufig gestellte Frage! Wenn man es mit Wind, Gezeiten und Wellengang zu tun hat, kann man nicht generell sagen, dass man ab Windst\u00e4rke 7 nicht mehr rausf\u00e4hrt. [&hellip;]\" \/>\n<meta property=\"og:url\" content=\"https:\/\/www.rib-actie.nl\/de\/erfahren-sie-mehr-ueber-das-segeln-mit-einem-rib-motorboot\/\" \/>\n<meta property=\"og:site_name\" content=\"www.rib-actie.nl\" \/>\n<meta property=\"article:publisher\" content=\"https:\/\/www.facebook.com\/ribactie\/\" \/>\n<meta property=\"article:modified_time\" content=\"2025-03-04T20:29:53+00:00\" \/>\n<meta property=\"og:image\" content=\"https:\/\/rib-actie.nl\/wp-content\/uploads\/2024\/02\/portretfoto-David-Breukhoven.jpg\" \/>\n<meta name=\"twitter:card\" content=\"summary_large_image\" \/>\n<meta name=\"twitter:label1\" content=\"Gesch\u00e4tzte Lesezeit\" \/>\n\t<meta name=\"twitter:data1\" content=\"3\u00a0Minuten\" \/>\n<script type=\"application\/ld+json\" class=\"yoast-schema-graph\">{\"@context\":\"https:\\\/\\\/schema.org\",\"@graph\":[{\"@type\":\"WebPage\",\"@id\":\"https:\\\/\\\/www.rib-actie.nl\\\/de\\\/erfahren-sie-mehr-ueber-das-segeln-mit-einem-rib-motorboot\\\/\",\"url\":\"https:\\\/\\\/www.rib-actie.nl\\\/de\\\/erfahren-sie-mehr-ueber-das-segeln-mit-einem-rib-motorboot\\\/\",\"name\":\"Erfahren Sie mehr \u00fcber das Segeln mit einem RIB-Motorboot.\",\"isPartOf\":{\"@id\":\"https:\\\/\\\/www.rib-actie.nl\\\/de\\\/#website\"},\"primaryImageOfPage\":{\"@id\":\"https:\\\/\\\/www.rib-actie.nl\\\/de\\\/erfahren-sie-mehr-ueber-das-segeln-mit-einem-rib-motorboot\\\/#primaryimage\"},\"image\":{\"@id\":\"https:\\\/\\\/www.rib-actie.nl\\\/de\\\/erfahren-sie-mehr-ueber-das-segeln-mit-einem-rib-motorboot\\\/#primaryimage\"},\"thumbnailUrl\":\"https:\\\/\\\/rib-actie.nl\\\/wp-content\\\/uploads\\\/2024\\\/02\\\/portretfoto-David-Breukhoven.jpg\",\"datePublished\":\"2024-02-02T11:11:44+00:00\",\"dateModified\":\"2025-03-04T20:29:53+00:00\",\"breadcrumb\":{\"@id\":\"https:\\\/\\\/www.rib-actie.nl\\\/de\\\/erfahren-sie-mehr-ueber-das-segeln-mit-einem-rib-motorboot\\\/#breadcrumb\"},\"inLanguage\":\"de\",\"potentialAction\":[{\"@type\":\"ReadAction\",\"target\":[\"https:\\\/\\\/www.rib-actie.nl\\\/de\\\/erfahren-sie-mehr-ueber-das-segeln-mit-einem-rib-motorboot\\\/\"]}]},{\"@type\":\"ImageObject\",\"inLanguage\":\"de\",\"@id\":\"https:\\\/\\\/www.rib-actie.nl\\\/de\\\/erfahren-sie-mehr-ueber-das-segeln-mit-einem-rib-motorboot\\\/#primaryimage\",\"url\":\"https:\\\/\\\/rib-actie.nl\\\/wp-content\\\/uploads\\\/2024\\\/02\\\/portretfoto-David-Breukhoven.jpg\",\"contentUrl\":\"https:\\\/\\\/rib-actie.nl\\\/wp-content\\\/uploads\\\/2024\\\/02\\\/portretfoto-David-Breukhoven.jpg\"},{\"@type\":\"BreadcrumbList\",\"@id\":\"https:\\\/\\\/www.rib-actie.nl\\\/de\\\/erfahren-sie-mehr-ueber-das-segeln-mit-einem-rib-motorboot\\\/#breadcrumb\",\"itemListElement\":[{\"@type\":\"ListItem\",\"position\":1,\"name\":\"Startseite\",\"item\":\"https:\\\/\\\/www.rib-actie.nl\\\/de\\\/\"},{\"@type\":\"ListItem\",\"position\":2,\"name\":\"Erfahren Sie mehr \u00fcber das Segeln mit einem RIB-Motorboot.\"}]},{\"@type\":\"WebSite\",\"@id\":\"https:\\\/\\\/www.rib-actie.nl\\\/de\\\/#website\",\"url\":\"https:\\\/\\\/www.rib-actie.nl\\\/de\\\/\",\"name\":\"www.rib-actie.nl Rigid Inflatable powerBoat Scheveningen\",\"description\":\"Rondvaarten voor de kust van Scheveningen\",\"potentialAction\":[{\"@type\":\"SearchAction\",\"target\":{\"@type\":\"EntryPoint\",\"urlTemplate\":\"https:\\\/\\\/www.rib-actie.nl\\\/de\\\/?s={search_term_string}\"},\"query-input\":{\"@type\":\"PropertyValueSpecification\",\"valueRequired\":true,\"valueName\":\"search_term_string\"}}],\"inLanguage\":\"de\"}]}<\/script>\n<!-- \/ Yoast SEO plugin. -->","yoast_head_json":{"title":"Erfahren Sie mehr \u00fcber das Segeln mit einem RIB-Motorboot.","robots":{"index":"index","follow":"follow","max-snippet":"max-snippet:-1","max-image-preview":"max-image-preview:large","max-video-preview":"max-video-preview:-1"},"canonical":"https:\/\/www.rib-actie.nl\/de\/erfahren-sie-mehr-ueber-das-segeln-mit-einem-rib-motorboot\/","og_locale":"de_DE","og_type":"article","og_title":"Erfahren Sie mehr \u00fcber das Segeln mit einem RIB-Motorboot.","og_description":"H\u00e4ufig gestellte Fragen Mehr Informationen \u00fcber RIB-Motorbootfahren Wir kennen uns auf dem Meer sehr gut aus und sind sehr erfahren Bis zu welcher Windst\u00e4rke segeln wir hinaus? Eine h\u00e4ufig gestellte Frage! Wenn man es mit Wind, Gezeiten und Wellengang zu tun hat, kann man nicht generell sagen, dass man ab Windst\u00e4rke 7 nicht mehr rausf\u00e4hrt. [&hellip;]","og_url":"https:\/\/www.rib-actie.nl\/de\/erfahren-sie-mehr-ueber-das-segeln-mit-einem-rib-motorboot\/","og_site_name":"www.rib-actie.nl","article_publisher":"https:\/\/www.facebook.com\/ribactie\/","article_modified_time":"2025-03-04T20:29:53+00:00","og_image":[{"url":"https:\/\/rib-actie.nl\/wp-content\/uploads\/2024\/02\/portretfoto-David-Breukhoven.jpg","type":"","width":"","height":""}],"twitter_card":"summary_large_image","twitter_misc":{"Gesch\u00e4tzte Lesezeit":"3\u00a0Minuten"},"schema":{"@context":"https:\/\/schema.org","@graph":[{"@type":"WebPage","@id":"https:\/\/www.rib-actie.nl\/de\/erfahren-sie-mehr-ueber-das-segeln-mit-einem-rib-motorboot\/","url":"https:\/\/www.rib-actie.nl\/de\/erfahren-sie-mehr-ueber-das-segeln-mit-einem-rib-motorboot\/","name":"Erfahren Sie mehr \u00fcber das Segeln mit einem RIB-Motorboot.","isPartOf":{"@id":"https:\/\/www.rib-actie.nl\/de\/#website"},"primaryImageOfPage":{"@id":"https:\/\/www.rib-actie.nl\/de\/erfahren-sie-mehr-ueber-das-segeln-mit-einem-rib-motorboot\/#primaryimage"},"image":{"@id":"https:\/\/www.rib-actie.nl\/de\/erfahren-sie-mehr-ueber-das-segeln-mit-einem-rib-motorboot\/#primaryimage"},"thumbnailUrl":"https:\/\/rib-actie.nl\/wp-content\/uploads\/2024\/02\/portretfoto-David-Breukhoven.jpg","datePublished":"2024-02-02T11:11:44+00:00","dateModified":"2025-03-04T20:29:53+00:00","breadcrumb":{"@id":"https:\/\/www.rib-actie.nl\/de\/erfahren-sie-mehr-ueber-das-segeln-mit-einem-rib-motorboot\/#breadcrumb"},"inLanguage":"de","potentialAction":[{"@type":"ReadAction","target":["https:\/\/www.rib-actie.nl\/de\/erfahren-sie-mehr-ueber-das-segeln-mit-einem-rib-motorboot\/"]}]},{"@type":"ImageObject","inLanguage":"de","@id":"https:\/\/www.rib-actie.nl\/de\/erfahren-sie-mehr-ueber-das-segeln-mit-einem-rib-motorboot\/#primaryimage","url":"https:\/\/rib-actie.nl\/wp-content\/uploads\/2024\/02\/portretfoto-David-Breukhoven.jpg","contentUrl":"https:\/\/rib-actie.nl\/wp-content\/uploads\/2024\/02\/portretfoto-David-Breukhoven.jpg"},{"@type":"BreadcrumbList","@id":"https:\/\/www.rib-actie.nl\/de\/erfahren-sie-mehr-ueber-das-segeln-mit-einem-rib-motorboot\/#breadcrumb","itemListElement":[{"@type":"ListItem","position":1,"name":"Startseite","item":"https:\/\/www.rib-actie.nl\/de\/"},{"@type":"ListItem","position":2,"name":"Erfahren Sie mehr \u00fcber das Segeln mit einem RIB-Motorboot."}]},{"@type":"WebSite","@id":"https:\/\/www.rib-actie.nl\/de\/#website","url":"https:\/\/www.rib-actie.nl\/de\/","name":"www.rib-actie.nl Rigid Inflatable powerBoat Scheveningen","description":"Rondvaarten voor de kust van Scheveningen","potentialAction":[{"@type":"SearchAction","target":{"@type":"EntryPoint","urlTemplate":"https:\/\/www.rib-actie.nl\/de\/?s={search_term_string}"},"query-input":{"@type":"PropertyValueSpecification","valueRequired":true,"valueName":"search_term_string"}}],"inLanguage":"de"}]}},"_links":{"self":[{"href":"https:\/\/www.rib-actie.nl\/de\/wp-json\/wp\/v2\/pages\/22854","targetHints":{"allow":["GET"]}}],"collection":[{"href":"https:\/\/www.rib-actie.nl\/de\/wp-json\/wp\/v2\/pages"}],"about":[{"href":"https:\/\/www.rib-actie.nl\/de\/wp-json\/wp\/v2\/types\/page"}],"author":[{"embeddable":true,"href":"https:\/\/www.rib-actie.nl\/de\/wp-json\/wp\/v2\/users\/1"}],"replies":[{"embeddable":true,"href":"https:\/\/www.rib-actie.nl\/de\/wp-json\/wp\/v2\/comments?post=22854"}],"version-history":[{"count":0,"href":"https:\/\/www.rib-actie.nl\/de\/wp-json\/wp\/v2\/pages\/22854\/revisions"}],"wp:attachment":[{"href":"https:\/\/www.rib-actie.nl\/de\/wp-json\/wp\/v2\/media?parent=22854"}],"curies":[{"name":"wp","href":"https:\/\/api.w.org\/{rel}","templated":true}]}}