{"id":22852,"date":"2024-02-02T12:22:35","date_gmt":"2024-02-02T11:22:35","guid":{"rendered":"https:\/\/rib-actie.nl\/nachhaltigkeit\/"},"modified":"2025-03-04T21:29:57","modified_gmt":"2025-03-04T20:29:57","slug":"nachhaltigkeit","status":"publish","type":"page","link":"https:\/\/www.rib-actie.nl\/de\/erfahren-sie-mehr-ueber-das-segeln-mit-einem-rib-motorboot\/nachhaltigkeit\/","title":{"rendered":"Nachhaltigkeit"},"content":{"rendered":"\n<div class=\"wp-block-group alignfull has-global-padding is-layout-constrained wp-container-core-group-is-layout-26b0441e wp-block-group-is-layout-constrained\" style=\"margin-top:0px;margin-bottom:0px;padding-top:var(--wp--preset--spacing--xxx-large);padding-right:var(--wp--preset--spacing--medium);padding-bottom:var(--wp--preset--spacing--xxx-large);padding-left:var(--wp--preset--spacing--medium)\">\n<div class=\"wp-block-columns alignwide is-layout-flex wp-container-core-columns-is-layout-2009bae8 wp-block-columns-is-layout-flex\" style=\"margin-top:0px;margin-bottom:0px\">\n<div class=\"wp-block-column is-vertically-aligned-center is-layout-flow wp-block-column-is-layout-flow\">\n<div class=\"wp-block-cover\" style=\"min-height:625px;aspect-ratio:unset;\"><span aria-hidden=\"true\" class=\"wp-block-cover__background has-background-dim-0 has-background-dim\"><\/span><img loading=\"lazy\" decoding=\"async\" width=\"1210\" height=\"423\" class=\"wp-block-cover__image-background wp-image-825\" alt=\"\" src=\"https:\/\/rib-actie.nl\/wp-content\/uploads\/2024\/02\/Elektrische-varen-rondvaart-Den-Haag.jpg.webp\" data-object-fit=\"cover\" srcset=\"https:\/\/www.rib-actie.nl\/wp-content\/uploads\/2024\/02\/Elektrische-varen-rondvaart-Den-Haag.jpg.webp 1210w, https:\/\/www.rib-actie.nl\/wp-content\/uploads\/2024\/02\/Elektrische-varen-rondvaart-Den-Haag.jpg-300x105.webp 300w, https:\/\/www.rib-actie.nl\/wp-content\/uploads\/2024\/02\/Elektrische-varen-rondvaart-Den-Haag.jpg-1024x358.webp 1024w, https:\/\/www.rib-actie.nl\/wp-content\/uploads\/2024\/02\/Elektrische-varen-rondvaart-Den-Haag.jpg-768x268.webp 768w\" sizes=\"auto, (max-width: 1210px) 100vw, 1210px\" \/><div class=\"wp-block-cover__inner-container is-layout-flow wp-block-cover-is-layout-flow\">\n<p class=\"has-text-align-center has-large-font-size\"><\/p>\n<\/div><\/div>\n<\/div>\n\n\n\n<div class=\"wp-block-column is-vertically-aligned-center is-layout-flow wp-block-column-is-layout-flow\">\n<div class=\"wp-block-group is-nowrap is-layout-flex wp-container-core-group-is-layout-f66f9956 wp-block-group-is-layout-flex\">\n<div class=\"wp-block-group is-vertical is-layout-flex wp-container-core-group-is-layout-7aa4b7fc wp-block-group-is-layout-flex\">\n<h4 class=\"wp-block-heading\">Nachhaltigkeit<\/h4>\n\n\n\n<p>Die Schifffahrt hinkt bei der Umstellung auf Null-Emissionen noch weit hinterher. Wir sind sehr an den M\u00f6glichkeiten der Nachhaltigkeit interessiert. F\u00fcr Rib-Action ist es das Wichtigste, den Firmenbus durch eine sauberere Version oder einen elektrischen Firmenbus zu ersetzen. Leider sind diese noch nicht gerade erschwinglich und die M\u00f6glichkeiten, einen elektrischen Firmenbus aufzuladen, sind in Scheveningen unzureichend.<br\/>Warum also das Interesse an Nachhaltigkeit? Bevor er <a href=\"https:\/\/rib-actie.nl\/\">rib-actie.nl<\/a> \u00fcbernahm, half David dabei, die Fahrzeugflotte des Ministeriums f\u00fcr Inneres und K\u00f6nigreichsbeziehungen nachhaltiger zu gestalten. Dazu geh\u00f6rte auch das Erreichen des Ziels, bis 2020 im Ministerium f\u00fcr Inneres und K\u00f6nigreichsbeziehungen 20 % emissionsfreie Fahrzeuge einzusetzen. Dieses Ziel wurde durch den Kauf von Wasserstoffautos zus\u00e4tzlich zu batterieelektrischen Fahrzeugen erreicht. In dieser Zeit ist sich David der M\u00f6glichkeiten, aber sicherlich auch der Grenzen der Elektrifizierung bewusst.      <\/p>\n\n\n\n<p>Sehen Sie M\u00f6glichkeiten f\u00fcr <a href=\"https:\/\/rib-actie.nl\/\">rib-action.de<\/a>? Dann nehmen Sie Kontakt mit uns auf. Wir sind offen f\u00fcr Ideen und Pilotprojekte.  <\/p>\n\n\n\n<p>M\u00f6chten Sie eine <a href=\"https:\/\/bootvarendenhaag.nl\/\">Grachtenrundfahrt durch Den Haag<\/a> auf eine nachhaltigere Weise unternehmen? Dann m\u00f6chten wir Sie an <a href=\"http:\/\/bootvarendenhaag.nl\/\">bootvarendenhaag.nl<\/a><br\/>verweisen. Mit einem Elektroboot k\u00f6nnen Sie Rundfahrten durch die Grachten von Den Haag unternehmen. <\/p>\n<\/div>\n<\/div>\n<\/div>\n<\/div>\n<\/div>\n","protected":false},"excerpt":{"rendered":"<p>Nachhaltigkeit Die Schifffahrt hinkt bei der Umstellung auf Null-Emissionen noch weit hinterher. Wir sind sehr an den M\u00f6glichkeiten der Nachhaltigkeit interessiert. F\u00fcr Rib-Action ist es das Wichtigste, den Firmenbus durch eine sauberere Version oder einen elektrischen Firmenbus zu ersetzen. Leider sind diese noch nicht gerade erschwinglich und die M\u00f6glichkeiten, einen elektrischen Firmenbus aufzuladen, sind in [&hellip;]<\/p>\n","protected":false},"author":1,"featured_media":0,"parent":22854,"menu_order":62,"comment_status":"closed","ping_status":"closed","template":"page-no-title","meta":{"footnotes":""},"class_list":["post-22852","page","type-page","status-publish","hentry"],"yoast_head":"<!-- This site is optimized with the Yoast SEO plugin v27.4 - https:\/\/yoast.com\/product\/yoast-seo-wordpress\/ -->\n<title>Nachhaltigkeit<\/title>\n<meta name=\"robots\" content=\"index, follow, max-snippet:-1, max-image-preview:large, max-video-preview:-1\" \/>\n<link rel=\"canonical\" href=\"https:\/\/www.rib-actie.nl\/de\/erfahren-sie-mehr-ueber-das-segeln-mit-einem-rib-motorboot\/nachhaltigkeit\/\" \/>\n<meta property=\"og:locale\" content=\"de_DE\" \/>\n<meta property=\"og:type\" content=\"article\" \/>\n<meta property=\"og:title\" content=\"Nachhaltigkeit\" \/>\n<meta property=\"og:description\" content=\"Nachhaltigkeit Die Schifffahrt hinkt bei der Umstellung auf Null-Emissionen noch weit hinterher. Wir sind sehr an den M\u00f6glichkeiten der Nachhaltigkeit interessiert. F\u00fcr Rib-Action ist es das Wichtigste, den Firmenbus durch eine sauberere Version oder einen elektrischen Firmenbus zu ersetzen. Leider sind diese noch nicht gerade erschwinglich und die M\u00f6glichkeiten, einen elektrischen Firmenbus aufzuladen, sind in [&hellip;]\" \/>\n<meta property=\"og:url\" content=\"https:\/\/www.rib-actie.nl\/de\/erfahren-sie-mehr-ueber-das-segeln-mit-einem-rib-motorboot\/nachhaltigkeit\/\" \/>\n<meta property=\"og:site_name\" content=\"www.rib-actie.nl\" \/>\n<meta property=\"article:publisher\" content=\"https:\/\/www.facebook.com\/ribactie\/\" \/>\n<meta property=\"article:modified_time\" content=\"2025-03-04T20:29:57+00:00\" \/>\n<meta property=\"og:image\" content=\"https:\/\/rib-actie.nl\/wp-content\/uploads\/2024\/02\/Elektrische-varen-rondvaart-Den-Haag.jpg.webp\" \/>\n<meta name=\"twitter:card\" content=\"summary_large_image\" \/>\n<meta name=\"twitter:label1\" content=\"Gesch\u00e4tzte Lesezeit\" \/>\n\t<meta name=\"twitter:data1\" content=\"1\u00a0Minute\" \/>\n<script type=\"application\/ld+json\" class=\"yoast-schema-graph\">{\"@context\":\"https:\\\/\\\/schema.org\",\"@graph\":[{\"@type\":\"WebPage\",\"@id\":\"https:\\\/\\\/www.rib-actie.nl\\\/de\\\/erfahren-sie-mehr-ueber-das-segeln-mit-einem-rib-motorboot\\\/nachhaltigkeit\\\/\",\"url\":\"https:\\\/\\\/www.rib-actie.nl\\\/de\\\/erfahren-sie-mehr-ueber-das-segeln-mit-einem-rib-motorboot\\\/nachhaltigkeit\\\/\",\"name\":\"Nachhaltigkeit\",\"isPartOf\":{\"@id\":\"https:\\\/\\\/www.rib-actie.nl\\\/de\\\/#website\"},\"primaryImageOfPage\":{\"@id\":\"https:\\\/\\\/www.rib-actie.nl\\\/de\\\/erfahren-sie-mehr-ueber-das-segeln-mit-einem-rib-motorboot\\\/nachhaltigkeit\\\/#primaryimage\"},\"image\":{\"@id\":\"https:\\\/\\\/www.rib-actie.nl\\\/de\\\/erfahren-sie-mehr-ueber-das-segeln-mit-einem-rib-motorboot\\\/nachhaltigkeit\\\/#primaryimage\"},\"thumbnailUrl\":\"https:\\\/\\\/rib-actie.nl\\\/wp-content\\\/uploads\\\/2024\\\/02\\\/Elektrische-varen-rondvaart-Den-Haag.jpg.webp\",\"datePublished\":\"2024-02-02T11:22:35+00:00\",\"dateModified\":\"2025-03-04T20:29:57+00:00\",\"breadcrumb\":{\"@id\":\"https:\\\/\\\/www.rib-actie.nl\\\/de\\\/erfahren-sie-mehr-ueber-das-segeln-mit-einem-rib-motorboot\\\/nachhaltigkeit\\\/#breadcrumb\"},\"inLanguage\":\"de\",\"potentialAction\":[{\"@type\":\"ReadAction\",\"target\":[\"https:\\\/\\\/www.rib-actie.nl\\\/de\\\/erfahren-sie-mehr-ueber-das-segeln-mit-einem-rib-motorboot\\\/nachhaltigkeit\\\/\"]}]},{\"@type\":\"ImageObject\",\"inLanguage\":\"de\",\"@id\":\"https:\\\/\\\/www.rib-actie.nl\\\/de\\\/erfahren-sie-mehr-ueber-das-segeln-mit-einem-rib-motorboot\\\/nachhaltigkeit\\\/#primaryimage\",\"url\":\"https:\\\/\\\/rib-actie.nl\\\/wp-content\\\/uploads\\\/2024\\\/02\\\/Elektrische-varen-rondvaart-Den-Haag.jpg.webp\",\"contentUrl\":\"https:\\\/\\\/rib-actie.nl\\\/wp-content\\\/uploads\\\/2024\\\/02\\\/Elektrische-varen-rondvaart-Den-Haag.jpg.webp\"},{\"@type\":\"BreadcrumbList\",\"@id\":\"https:\\\/\\\/www.rib-actie.nl\\\/de\\\/erfahren-sie-mehr-ueber-das-segeln-mit-einem-rib-motorboot\\\/nachhaltigkeit\\\/#breadcrumb\",\"itemListElement\":[{\"@type\":\"ListItem\",\"position\":1,\"name\":\"Startseite\",\"item\":\"https:\\\/\\\/www.rib-actie.nl\\\/de\\\/\"},{\"@type\":\"ListItem\",\"position\":2,\"name\":\"Erfahren Sie mehr \u00fcber das Segeln mit einem RIB-Motorboot.\",\"item\":\"https:\\\/\\\/www.rib-actie.nl\\\/de\\\/erfahren-sie-mehr-ueber-das-segeln-mit-einem-rib-motorboot\\\/\"},{\"@type\":\"ListItem\",\"position\":3,\"name\":\"Nachhaltigkeit\"}]},{\"@type\":\"WebSite\",\"@id\":\"https:\\\/\\\/www.rib-actie.nl\\\/de\\\/#website\",\"url\":\"https:\\\/\\\/www.rib-actie.nl\\\/de\\\/\",\"name\":\"www.rib-actie.nl Rigid Inflatable powerBoat Scheveningen\",\"description\":\"Rondvaarten voor de kust van Scheveningen\",\"potentialAction\":[{\"@type\":\"SearchAction\",\"target\":{\"@type\":\"EntryPoint\",\"urlTemplate\":\"https:\\\/\\\/www.rib-actie.nl\\\/de\\\/?s={search_term_string}\"},\"query-input\":{\"@type\":\"PropertyValueSpecification\",\"valueRequired\":true,\"valueName\":\"search_term_string\"}}],\"inLanguage\":\"de\"}]}<\/script>\n<!-- \/ Yoast SEO plugin. -->","yoast_head_json":{"title":"Nachhaltigkeit","robots":{"index":"index","follow":"follow","max-snippet":"max-snippet:-1","max-image-preview":"max-image-preview:large","max-video-preview":"max-video-preview:-1"},"canonical":"https:\/\/www.rib-actie.nl\/de\/erfahren-sie-mehr-ueber-das-segeln-mit-einem-rib-motorboot\/nachhaltigkeit\/","og_locale":"de_DE","og_type":"article","og_title":"Nachhaltigkeit","og_description":"Nachhaltigkeit Die Schifffahrt hinkt bei der Umstellung auf Null-Emissionen noch weit hinterher. Wir sind sehr an den M\u00f6glichkeiten der Nachhaltigkeit interessiert. F\u00fcr Rib-Action ist es das Wichtigste, den Firmenbus durch eine sauberere Version oder einen elektrischen Firmenbus zu ersetzen. Leider sind diese noch nicht gerade erschwinglich und die M\u00f6glichkeiten, einen elektrischen Firmenbus aufzuladen, sind in [&hellip;]","og_url":"https:\/\/www.rib-actie.nl\/de\/erfahren-sie-mehr-ueber-das-segeln-mit-einem-rib-motorboot\/nachhaltigkeit\/","og_site_name":"www.rib-actie.nl","article_publisher":"https:\/\/www.facebook.com\/ribactie\/","article_modified_time":"2025-03-04T20:29:57+00:00","og_image":[{"url":"https:\/\/rib-actie.nl\/wp-content\/uploads\/2024\/02\/Elektrische-varen-rondvaart-Den-Haag.jpg.webp","type":"","width":"","height":""}],"twitter_card":"summary_large_image","twitter_misc":{"Gesch\u00e4tzte Lesezeit":"1\u00a0Minute"},"schema":{"@context":"https:\/\/schema.org","@graph":[{"@type":"WebPage","@id":"https:\/\/www.rib-actie.nl\/de\/erfahren-sie-mehr-ueber-das-segeln-mit-einem-rib-motorboot\/nachhaltigkeit\/","url":"https:\/\/www.rib-actie.nl\/de\/erfahren-sie-mehr-ueber-das-segeln-mit-einem-rib-motorboot\/nachhaltigkeit\/","name":"Nachhaltigkeit","isPartOf":{"@id":"https:\/\/www.rib-actie.nl\/de\/#website"},"primaryImageOfPage":{"@id":"https:\/\/www.rib-actie.nl\/de\/erfahren-sie-mehr-ueber-das-segeln-mit-einem-rib-motorboot\/nachhaltigkeit\/#primaryimage"},"image":{"@id":"https:\/\/www.rib-actie.nl\/de\/erfahren-sie-mehr-ueber-das-segeln-mit-einem-rib-motorboot\/nachhaltigkeit\/#primaryimage"},"thumbnailUrl":"https:\/\/rib-actie.nl\/wp-content\/uploads\/2024\/02\/Elektrische-varen-rondvaart-Den-Haag.jpg.webp","datePublished":"2024-02-02T11:22:35+00:00","dateModified":"2025-03-04T20:29:57+00:00","breadcrumb":{"@id":"https:\/\/www.rib-actie.nl\/de\/erfahren-sie-mehr-ueber-das-segeln-mit-einem-rib-motorboot\/nachhaltigkeit\/#breadcrumb"},"inLanguage":"de","potentialAction":[{"@type":"ReadAction","target":["https:\/\/www.rib-actie.nl\/de\/erfahren-sie-mehr-ueber-das-segeln-mit-einem-rib-motorboot\/nachhaltigkeit\/"]}]},{"@type":"ImageObject","inLanguage":"de","@id":"https:\/\/www.rib-actie.nl\/de\/erfahren-sie-mehr-ueber-das-segeln-mit-einem-rib-motorboot\/nachhaltigkeit\/#primaryimage","url":"https:\/\/rib-actie.nl\/wp-content\/uploads\/2024\/02\/Elektrische-varen-rondvaart-Den-Haag.jpg.webp","contentUrl":"https:\/\/rib-actie.nl\/wp-content\/uploads\/2024\/02\/Elektrische-varen-rondvaart-Den-Haag.jpg.webp"},{"@type":"BreadcrumbList","@id":"https:\/\/www.rib-actie.nl\/de\/erfahren-sie-mehr-ueber-das-segeln-mit-einem-rib-motorboot\/nachhaltigkeit\/#breadcrumb","itemListElement":[{"@type":"ListItem","position":1,"name":"Startseite","item":"https:\/\/www.rib-actie.nl\/de\/"},{"@type":"ListItem","position":2,"name":"Erfahren Sie mehr \u00fcber das Segeln mit einem RIB-Motorboot.","item":"https:\/\/www.rib-actie.nl\/de\/erfahren-sie-mehr-ueber-das-segeln-mit-einem-rib-motorboot\/"},{"@type":"ListItem","position":3,"name":"Nachhaltigkeit"}]},{"@type":"WebSite","@id":"https:\/\/www.rib-actie.nl\/de\/#website","url":"https:\/\/www.rib-actie.nl\/de\/","name":"www.rib-actie.nl Rigid Inflatable powerBoat Scheveningen","description":"Rondvaarten voor de kust van Scheveningen","potentialAction":[{"@type":"SearchAction","target":{"@type":"EntryPoint","urlTemplate":"https:\/\/www.rib-actie.nl\/de\/?s={search_term_string}"},"query-input":{"@type":"PropertyValueSpecification","valueRequired":true,"valueName":"search_term_string"}}],"inLanguage":"de"}]}},"_links":{"self":[{"href":"https:\/\/www.rib-actie.nl\/de\/wp-json\/wp\/v2\/pages\/22852","targetHints":{"allow":["GET"]}}],"collection":[{"href":"https:\/\/www.rib-actie.nl\/de\/wp-json\/wp\/v2\/pages"}],"about":[{"href":"https:\/\/www.rib-actie.nl\/de\/wp-json\/wp\/v2\/types\/page"}],"author":[{"embeddable":true,"href":"https:\/\/www.rib-actie.nl\/de\/wp-json\/wp\/v2\/users\/1"}],"replies":[{"embeddable":true,"href":"https:\/\/www.rib-actie.nl\/de\/wp-json\/wp\/v2\/comments?post=22852"}],"version-history":[{"count":0,"href":"https:\/\/www.rib-actie.nl\/de\/wp-json\/wp\/v2\/pages\/22852\/revisions"}],"up":[{"embeddable":true,"href":"https:\/\/www.rib-actie.nl\/de\/wp-json\/wp\/v2\/pages\/22854"}],"wp:attachment":[{"href":"https:\/\/www.rib-actie.nl\/de\/wp-json\/wp\/v2\/media?parent=22852"}],"curies":[{"name":"wp","href":"https:\/\/api.w.org\/{rel}","templated":true}]}}