{"id":22842,"date":"2024-02-02T12:24:55","date_gmt":"2024-02-02T11:24:55","guid":{"rendered":"https:\/\/rib-actie.nl\/wer-wir-sind\/"},"modified":"2025-03-04T21:29:57","modified_gmt":"2025-03-04T20:29:57","slug":"wer-wir-sind","status":"publish","type":"page","link":"https:\/\/www.rib-actie.nl\/de\/erfahren-sie-mehr-ueber-das-segeln-mit-einem-rib-motorboot\/wer-wir-sind\/","title":{"rendered":"Wer wir sind"},"content":{"rendered":"\n<div class=\"wp-block-group alignfull has-global-padding is-layout-constrained wp-container-core-group-is-layout-26b0441e wp-block-group-is-layout-constrained\" style=\"margin-top:0px;margin-bottom:0px;padding-top:var(--wp--preset--spacing--xxx-large);padding-right:var(--wp--preset--spacing--medium);padding-bottom:var(--wp--preset--spacing--xxx-large);padding-left:var(--wp--preset--spacing--medium)\">\n<div class=\"wp-block-columns alignwide is-layout-flex wp-container-core-columns-is-layout-2009bae8 wp-block-columns-is-layout-flex\" style=\"margin-top:0px;margin-bottom:0px\">\n<div class=\"wp-block-column is-vertically-aligned-center is-layout-flow wp-block-column-is-layout-flow\">\n<div class=\"wp-block-cover is-light has-custom-content-position is-position-bottom-center\" style=\"padding-top:var(--wp--preset--spacing--xxx-large);padding-bottom:var(--wp--preset--spacing--xxx-large);min-height:100vh;aspect-ratio:unset;\"><span aria-hidden=\"true\" class=\"wp-block-cover__background has-background-dim-0 has-background-dim\"><\/span><img loading=\"lazy\" decoding=\"async\" width=\"1080\" height=\"1350\" class=\"wp-block-cover__image-background wp-image-860\" alt=\"Portretfoto van Kapitein en van rib-actie.nl David Breukhoven\" src=\"https:\/\/rib-actie.nl\/wp-content\/uploads\/2024\/02\/portretfoto-David-Breukhoven.jpg\" data-object-fit=\"cover\" srcset=\"https:\/\/www.rib-actie.nl\/wp-content\/uploads\/2024\/02\/portretfoto-David-Breukhoven.jpg 1080w, https:\/\/www.rib-actie.nl\/wp-content\/uploads\/2024\/02\/portretfoto-David-Breukhoven-240x300.jpg 240w, https:\/\/www.rib-actie.nl\/wp-content\/uploads\/2024\/02\/portretfoto-David-Breukhoven-819x1024.jpg 819w, https:\/\/www.rib-actie.nl\/wp-content\/uploads\/2024\/02\/portretfoto-David-Breukhoven-768x960.jpg 768w\" sizes=\"auto, (max-width: 1080px) 100vw, 1080px\" \/><div class=\"wp-block-cover__inner-container is-layout-flow wp-block-cover-is-layout-flow\">\n<p class=\"has-text-align-center has-primary-color has-text-color has-link-color has-large-font-size wp-elements-e863777da2aaa7bd4d0ec421fbe4874b\" style=\"font-style:normal;font-weight:600\">David Breukhoven<\/p>\n<\/div><\/div>\n<\/div>\n\n\n\n<div class=\"wp-block-column is-vertically-aligned-top is-layout-flow wp-block-column-is-layout-flow\">\n<div class=\"wp-block-group is-nowrap is-layout-flex wp-container-core-group-is-layout-f66f9956 wp-block-group-is-layout-flex\">\n<div class=\"wp-block-group is-vertical is-layout-flex wp-container-core-group-is-layout-7aa4b7fc wp-block-group-is-layout-flex\">\n<h4 class=\"wp-block-heading\">Wer sind wir?<\/h4>\n\n\n\n<p>Wir m\u00f6chten uns kurz vorstellen<\/p>\n\n\n\n<h2 class=\"wp-block-heading has-primary-color has-text-color has-link-color wp-elements-c2b82e8d77abae0a3eb42fedfabfb0a1\">David Breukhoven<\/h2>\n\n\n\n<p>David wuchs an den Seen von Giethoorn auf, dem Venedig des Nordens. Hier konnte man David immer beim Windsurfen auf den Seen antreffen. Sp\u00e4ter kaufte David ein Haus am Wasser in Zwartsluis und das erste Speedboot kam, um an windstillen Tagen Wakeboard zu fahren. Als das Kitesurfen in den Niederlanden eingef\u00fchrt wurde, war David einer der ersten Kitesurfer in den Niederlanden. Im Jahr 2012 zog David nach Scheveningen, um die gr\u00f6\u00dferen Wellen zu genie\u00dfen, die die Nordsee zu bieten hat. Er kombinierte das Kitesurfen mit dem Wellensurfen und der damit verbundenen M\u00f6glichkeit, sich an st\u00fcrmischen Tagen in den Niederlanden zu vergn\u00fcgen. Perfekte Bedingungen wurden auch an Orten wie Sansibar, Kapstadt, Mauritius und Chile angestrebt. Um f\u00fcr gro\u00dfe Wellen gut ger\u00fcstet zu sein, nahm David an mehreren Big-Wave-Trainingseinheiten teil und surfte dabei Wellen von bis zu 10 Metern H\u00f6he! Zus\u00e4tzlich zum Big-Wave-Training begann er mit dem Freitauchen, um sich unter Wasser noch sicherer zu f\u00fchlen. Heute taucht er mit einem Atemzug problemlos 30 Meter tief und kann minutenlang unter Wasser bleiben.<br\/>M\u00f6chten Sie mehr Informationen zum Freitauchen? Besuchen Sie <a href=\"http:\/\/tangaroa.nl\/\">tangaroa.co.uk<\/a> f\u00fcr Kurse         <\/p>\n\n\n\n<p>Durch seine Erfahrung kennt David das Meer wie kein anderer. Er kann die Wellen wie kein anderer lesen und wei\u00df, wie er das RIB-Motorboot bequem durch die Nordseewellen man\u00f6vrieren kann. <\/p>\n<\/div>\n<\/div>\n<\/div>\n<\/div>\n<\/div>\n","protected":false},"excerpt":{"rendered":"<p>Wer sind wir? Wir m\u00f6chten uns kurz vorstellen David Breukhoven David wuchs an den Seen von Giethoorn auf, dem Venedig des Nordens. Hier konnte man David immer beim Windsurfen auf den Seen antreffen. Sp\u00e4ter kaufte David ein Haus am Wasser in Zwartsluis und das erste Speedboot kam, um an windstillen Tagen Wakeboard zu fahren. Als [&hellip;]<\/p>\n","protected":false},"author":1,"featured_media":0,"parent":22854,"menu_order":64,"comment_status":"closed","ping_status":"closed","template":"page-no-title","meta":{"footnotes":""},"class_list":["post-22842","page","type-page","status-publish","hentry"],"yoast_head":"<!-- This site is optimized with the Yoast SEO plugin v27.4 - https:\/\/yoast.com\/product\/yoast-seo-wordpress\/ -->\n<title>David Breukhoven<\/title>\n<meta name=\"description\" content=\"Wir m\u00f6chten uns kurz vorstellen. David Breukhoven\" \/>\n<meta name=\"robots\" content=\"index, follow, max-snippet:-1, max-image-preview:large, max-video-preview:-1\" \/>\n<link rel=\"canonical\" href=\"https:\/\/www.rib-actie.nl\/de\/erfahren-sie-mehr-ueber-das-segeln-mit-einem-rib-motorboot\/wer-wir-sind\/\" \/>\n<meta property=\"og:locale\" content=\"de_DE\" \/>\n<meta property=\"og:type\" content=\"article\" \/>\n<meta property=\"og:title\" content=\"David Breukhoven\" \/>\n<meta property=\"og:description\" content=\"Wir m\u00f6chten uns kurz vorstellen. David Breukhoven\" \/>\n<meta property=\"og:url\" content=\"https:\/\/www.rib-actie.nl\/de\/erfahren-sie-mehr-ueber-das-segeln-mit-einem-rib-motorboot\/wer-wir-sind\/\" \/>\n<meta property=\"og:site_name\" content=\"www.rib-actie.nl\" \/>\n<meta property=\"article:publisher\" content=\"https:\/\/www.facebook.com\/ribactie\/\" \/>\n<meta property=\"article:modified_time\" content=\"2025-03-04T20:29:57+00:00\" \/>\n<meta property=\"og:image\" content=\"https:\/\/rib-actie.nl\/wp-content\/uploads\/2024\/02\/portretfoto-David-Breukhoven.jpg\" \/>\n<meta name=\"twitter:card\" content=\"summary_large_image\" \/>\n<meta name=\"twitter:label1\" content=\"Gesch\u00e4tzte Lesezeit\" \/>\n\t<meta name=\"twitter:data1\" content=\"1\u00a0Minute\" \/>\n<script type=\"application\/ld+json\" class=\"yoast-schema-graph\">{\"@context\":\"https:\\\/\\\/schema.org\",\"@graph\":[{\"@type\":\"WebPage\",\"@id\":\"https:\\\/\\\/www.rib-actie.nl\\\/de\\\/erfahren-sie-mehr-ueber-das-segeln-mit-einem-rib-motorboot\\\/wer-wir-sind\\\/\",\"url\":\"https:\\\/\\\/www.rib-actie.nl\\\/de\\\/erfahren-sie-mehr-ueber-das-segeln-mit-einem-rib-motorboot\\\/wer-wir-sind\\\/\",\"name\":\"David Breukhoven\",\"isPartOf\":{\"@id\":\"https:\\\/\\\/www.rib-actie.nl\\\/de\\\/#website\"},\"primaryImageOfPage\":{\"@id\":\"https:\\\/\\\/www.rib-actie.nl\\\/de\\\/erfahren-sie-mehr-ueber-das-segeln-mit-einem-rib-motorboot\\\/wer-wir-sind\\\/#primaryimage\"},\"image\":{\"@id\":\"https:\\\/\\\/www.rib-actie.nl\\\/de\\\/erfahren-sie-mehr-ueber-das-segeln-mit-einem-rib-motorboot\\\/wer-wir-sind\\\/#primaryimage\"},\"thumbnailUrl\":\"https:\\\/\\\/rib-actie.nl\\\/wp-content\\\/uploads\\\/2024\\\/02\\\/portretfoto-David-Breukhoven.jpg\",\"datePublished\":\"2024-02-02T11:24:55+00:00\",\"dateModified\":\"2025-03-04T20:29:57+00:00\",\"description\":\"Wir m\u00f6chten uns kurz vorstellen. David Breukhoven\",\"breadcrumb\":{\"@id\":\"https:\\\/\\\/www.rib-actie.nl\\\/de\\\/erfahren-sie-mehr-ueber-das-segeln-mit-einem-rib-motorboot\\\/wer-wir-sind\\\/#breadcrumb\"},\"inLanguage\":\"de\",\"potentialAction\":[{\"@type\":\"ReadAction\",\"target\":[\"https:\\\/\\\/www.rib-actie.nl\\\/de\\\/erfahren-sie-mehr-ueber-das-segeln-mit-einem-rib-motorboot\\\/wer-wir-sind\\\/\"]}]},{\"@type\":\"ImageObject\",\"inLanguage\":\"de\",\"@id\":\"https:\\\/\\\/www.rib-actie.nl\\\/de\\\/erfahren-sie-mehr-ueber-das-segeln-mit-einem-rib-motorboot\\\/wer-wir-sind\\\/#primaryimage\",\"url\":\"https:\\\/\\\/rib-actie.nl\\\/wp-content\\\/uploads\\\/2024\\\/02\\\/portretfoto-David-Breukhoven.jpg\",\"contentUrl\":\"https:\\\/\\\/rib-actie.nl\\\/wp-content\\\/uploads\\\/2024\\\/02\\\/portretfoto-David-Breukhoven.jpg\"},{\"@type\":\"BreadcrumbList\",\"@id\":\"https:\\\/\\\/www.rib-actie.nl\\\/de\\\/erfahren-sie-mehr-ueber-das-segeln-mit-einem-rib-motorboot\\\/wer-wir-sind\\\/#breadcrumb\",\"itemListElement\":[{\"@type\":\"ListItem\",\"position\":1,\"name\":\"Startseite\",\"item\":\"https:\\\/\\\/www.rib-actie.nl\\\/de\\\/\"},{\"@type\":\"ListItem\",\"position\":2,\"name\":\"Erfahren Sie mehr \u00fcber das Segeln mit einem RIB-Motorboot.\",\"item\":\"https:\\\/\\\/www.rib-actie.nl\\\/de\\\/erfahren-sie-mehr-ueber-das-segeln-mit-einem-rib-motorboot\\\/\"},{\"@type\":\"ListItem\",\"position\":3,\"name\":\"Wer wir sind\"}]},{\"@type\":\"WebSite\",\"@id\":\"https:\\\/\\\/www.rib-actie.nl\\\/de\\\/#website\",\"url\":\"https:\\\/\\\/www.rib-actie.nl\\\/de\\\/\",\"name\":\"www.rib-actie.nl Rigid Inflatable powerBoat Scheveningen\",\"description\":\"Rondvaarten voor de kust van Scheveningen\",\"potentialAction\":[{\"@type\":\"SearchAction\",\"target\":{\"@type\":\"EntryPoint\",\"urlTemplate\":\"https:\\\/\\\/www.rib-actie.nl\\\/de\\\/?s={search_term_string}\"},\"query-input\":{\"@type\":\"PropertyValueSpecification\",\"valueRequired\":true,\"valueName\":\"search_term_string\"}}],\"inLanguage\":\"de\"}]}<\/script>\n<!-- \/ Yoast SEO plugin. -->","yoast_head_json":{"title":"David Breukhoven","description":"Wir m\u00f6chten uns kurz vorstellen. David Breukhoven","robots":{"index":"index","follow":"follow","max-snippet":"max-snippet:-1","max-image-preview":"max-image-preview:large","max-video-preview":"max-video-preview:-1"},"canonical":"https:\/\/www.rib-actie.nl\/de\/erfahren-sie-mehr-ueber-das-segeln-mit-einem-rib-motorboot\/wer-wir-sind\/","og_locale":"de_DE","og_type":"article","og_title":"David Breukhoven","og_description":"Wir m\u00f6chten uns kurz vorstellen. David Breukhoven","og_url":"https:\/\/www.rib-actie.nl\/de\/erfahren-sie-mehr-ueber-das-segeln-mit-einem-rib-motorboot\/wer-wir-sind\/","og_site_name":"www.rib-actie.nl","article_publisher":"https:\/\/www.facebook.com\/ribactie\/","article_modified_time":"2025-03-04T20:29:57+00:00","og_image":[{"url":"https:\/\/rib-actie.nl\/wp-content\/uploads\/2024\/02\/portretfoto-David-Breukhoven.jpg","type":"","width":"","height":""}],"twitter_card":"summary_large_image","twitter_misc":{"Gesch\u00e4tzte Lesezeit":"1\u00a0Minute"},"schema":{"@context":"https:\/\/schema.org","@graph":[{"@type":"WebPage","@id":"https:\/\/www.rib-actie.nl\/de\/erfahren-sie-mehr-ueber-das-segeln-mit-einem-rib-motorboot\/wer-wir-sind\/","url":"https:\/\/www.rib-actie.nl\/de\/erfahren-sie-mehr-ueber-das-segeln-mit-einem-rib-motorboot\/wer-wir-sind\/","name":"David Breukhoven","isPartOf":{"@id":"https:\/\/www.rib-actie.nl\/de\/#website"},"primaryImageOfPage":{"@id":"https:\/\/www.rib-actie.nl\/de\/erfahren-sie-mehr-ueber-das-segeln-mit-einem-rib-motorboot\/wer-wir-sind\/#primaryimage"},"image":{"@id":"https:\/\/www.rib-actie.nl\/de\/erfahren-sie-mehr-ueber-das-segeln-mit-einem-rib-motorboot\/wer-wir-sind\/#primaryimage"},"thumbnailUrl":"https:\/\/rib-actie.nl\/wp-content\/uploads\/2024\/02\/portretfoto-David-Breukhoven.jpg","datePublished":"2024-02-02T11:24:55+00:00","dateModified":"2025-03-04T20:29:57+00:00","description":"Wir m\u00f6chten uns kurz vorstellen. David Breukhoven","breadcrumb":{"@id":"https:\/\/www.rib-actie.nl\/de\/erfahren-sie-mehr-ueber-das-segeln-mit-einem-rib-motorboot\/wer-wir-sind\/#breadcrumb"},"inLanguage":"de","potentialAction":[{"@type":"ReadAction","target":["https:\/\/www.rib-actie.nl\/de\/erfahren-sie-mehr-ueber-das-segeln-mit-einem-rib-motorboot\/wer-wir-sind\/"]}]},{"@type":"ImageObject","inLanguage":"de","@id":"https:\/\/www.rib-actie.nl\/de\/erfahren-sie-mehr-ueber-das-segeln-mit-einem-rib-motorboot\/wer-wir-sind\/#primaryimage","url":"https:\/\/rib-actie.nl\/wp-content\/uploads\/2024\/02\/portretfoto-David-Breukhoven.jpg","contentUrl":"https:\/\/rib-actie.nl\/wp-content\/uploads\/2024\/02\/portretfoto-David-Breukhoven.jpg"},{"@type":"BreadcrumbList","@id":"https:\/\/www.rib-actie.nl\/de\/erfahren-sie-mehr-ueber-das-segeln-mit-einem-rib-motorboot\/wer-wir-sind\/#breadcrumb","itemListElement":[{"@type":"ListItem","position":1,"name":"Startseite","item":"https:\/\/www.rib-actie.nl\/de\/"},{"@type":"ListItem","position":2,"name":"Erfahren Sie mehr \u00fcber das Segeln mit einem RIB-Motorboot.","item":"https:\/\/www.rib-actie.nl\/de\/erfahren-sie-mehr-ueber-das-segeln-mit-einem-rib-motorboot\/"},{"@type":"ListItem","position":3,"name":"Wer wir sind"}]},{"@type":"WebSite","@id":"https:\/\/www.rib-actie.nl\/de\/#website","url":"https:\/\/www.rib-actie.nl\/de\/","name":"www.rib-actie.nl Rigid Inflatable powerBoat Scheveningen","description":"Rondvaarten voor de kust van Scheveningen","potentialAction":[{"@type":"SearchAction","target":{"@type":"EntryPoint","urlTemplate":"https:\/\/www.rib-actie.nl\/de\/?s={search_term_string}"},"query-input":{"@type":"PropertyValueSpecification","valueRequired":true,"valueName":"search_term_string"}}],"inLanguage":"de"}]}},"_links":{"self":[{"href":"https:\/\/www.rib-actie.nl\/de\/wp-json\/wp\/v2\/pages\/22842","targetHints":{"allow":["GET"]}}],"collection":[{"href":"https:\/\/www.rib-actie.nl\/de\/wp-json\/wp\/v2\/pages"}],"about":[{"href":"https:\/\/www.rib-actie.nl\/de\/wp-json\/wp\/v2\/types\/page"}],"author":[{"embeddable":true,"href":"https:\/\/www.rib-actie.nl\/de\/wp-json\/wp\/v2\/users\/1"}],"replies":[{"embeddable":true,"href":"https:\/\/www.rib-actie.nl\/de\/wp-json\/wp\/v2\/comments?post=22842"}],"version-history":[{"count":0,"href":"https:\/\/www.rib-actie.nl\/de\/wp-json\/wp\/v2\/pages\/22842\/revisions"}],"up":[{"embeddable":true,"href":"https:\/\/www.rib-actie.nl\/de\/wp-json\/wp\/v2\/pages\/22854"}],"wp:attachment":[{"href":"https:\/\/www.rib-actie.nl\/de\/wp-json\/wp\/v2\/media?parent=22842"}],"curies":[{"name":"wp","href":"https:\/\/api.w.org\/{rel}","templated":true}]}}